{"id":101,"date":"2019-02-28T17:45:02","date_gmt":"2019-02-28T17:45:02","guid":{"rendered":"https:\/\/professionalf.com\/?page_id=101"},"modified":"2025-08-22T14:15:40","modified_gmt":"2025-08-22T14:15:40","slug":"servicios","status":"publish","type":"page","link":"https:\/\/professionalf.com\/index.php\/servicios\/","title":{"rendered":"Servicios"},"content":{"rendered":"\t\t<div data-elementor-type=\"wp-page\" data-elementor-id=\"101\" class=\"elementor elementor-101\" data-elementor-post-type=\"page\">\n\t\t\t\t<div class=\"elementor-element elementor-element-7aeaa31 e-flex e-con-boxed e-con e-parent\" data-id=\"7aeaa31\" data-element_type=\"container\">\n\t\t\t\t\t<div class=\"e-con-inner\">\n\t\t\t\t<div class=\"elementor-element elementor-element-35df31d elementor-widget elementor-widget-heading\" data-id=\"35df31d\" data-element_type=\"widget\" data-widget_type=\"heading.default\">\n\t\t\t\t<div class=\"elementor-widget-container\">\n\t\t\t\t\t<h2 class=\"elementor-heading-title elementor-size-default\">Professional Fusion\n<\/h2>\t\t\t\t<\/div>\n\t\t\t\t<\/div>\n\t\t\t\t\t<\/div>\n\t\t\t\t<\/div>\n\t\t<div class=\"elementor-element elementor-element-d7fa5e4 e-flex e-con-boxed e-con e-parent\" data-id=\"d7fa5e4\" data-element_type=\"container\">\n\t\t\t\t\t<div class=\"e-con-inner\">\n\t\t\t\t<div class=\"elementor-element elementor-element-b96940a elementor-invisible elementor-widget elementor-widget-heading\" data-id=\"b96940a\" data-element_type=\"widget\" data-settings=\"{&quot;_animation&quot;:&quot;fadeInLeft&quot;}\" data-widget_type=\"heading.default\">\n\t\t\t\t<div class=\"elementor-widget-container\">\n\t\t\t\t\t<h2 class=\"elementor-heading-title elementor-size-default\">NUESTROS SERVICIOS<\/h2>\t\t\t\t<\/div>\n\t\t\t\t<\/div>\n\t\t\t\t\t<\/div>\n\t\t\t\t<\/div>\n\t\t<div class=\"elementor-element elementor-element-30a4243 e-flex e-con-boxed e-con e-parent\" data-id=\"30a4243\" data-element_type=\"container\">\n\t\t\t\t\t<div class=\"e-con-inner\">\n\t\t\t\t<div class=\"elementor-element elementor-element-2e99430 elementor-widget elementor-widget-heading\" data-id=\"2e99430\" data-element_type=\"widget\" data-widget_type=\"heading.default\">\n\t\t\t\t<div class=\"elementor-widget-container\">\n\t\t\t\t\t<h2 class=\"elementor-heading-title elementor-size-default\">Capacitaci\u00f3n y soporte en software de contabilidad<\/h2>\t\t\t\t<\/div>\n\t\t\t\t<\/div>\n\t\t\t\t\t<\/div>\n\t\t\t\t<\/div>\n\t\t<div class=\"elementor-element elementor-element-d8e3d20 e-flex e-con-boxed e-con e-parent\" data-id=\"d8e3d20\" data-element_type=\"container\">\n\t\t\t\t\t<div class=\"e-con-inner\">\n\t\t\t\t<div class=\"elementor-element elementor-element-8a193f1 elementor-invisible elementor-widget elementor-widget-image\" data-id=\"8a193f1\" data-element_type=\"widget\" data-settings=\"{&quot;_animation&quot;:&quot;fadeInUp&quot;}\" data-widget_type=\"image.default\">\n\t\t\t\t<div class=\"elementor-widget-container\">\n\t\t\t\t\t\t\t\t\t\t\t\t\t\t\t<img fetchpriority=\"high\" decoding=\"async\" width=\"1024\" height=\"1024\" src=\"https:\/\/professionalf.com\/wp-content\/uploads\/2025\/08\/Capacita-1024x1024.png\" class=\"attachment-large size-large wp-image-475\" alt=\"\" srcset=\"https:\/\/professionalf.com\/wp-content\/uploads\/2025\/08\/Capacita-1024x1024.png 1024w, https:\/\/professionalf.com\/wp-content\/uploads\/2025\/08\/Capacita-300x300.png 300w, https:\/\/professionalf.com\/wp-content\/uploads\/2025\/08\/Capacita-150x150.png 150w, https:\/\/professionalf.com\/wp-content\/uploads\/2025\/08\/Capacita-768x768.png 768w, https:\/\/professionalf.com\/wp-content\/uploads\/2025\/08\/Capacita-1536x1536.png 1536w, https:\/\/professionalf.com\/wp-content\/uploads\/2025\/08\/Capacita-1232x1232.png 1232w, https:\/\/professionalf.com\/wp-content\/uploads\/2025\/08\/Capacita-1080x1080.png 1080w, https:\/\/professionalf.com\/wp-content\/uploads\/2025\/08\/Capacita.png 2048w\" sizes=\"(max-width: 1024px) 100vw, 1024px\" \/>\t\t\t\t\t\t\t\t\t\t\t\t\t\t\t<\/div>\n\t\t\t\t<\/div>\n\t\t\t\t\t<\/div>\n\t\t\t\t<\/div>\n\t\t<div class=\"elementor-element elementor-element-5147e75 e-flex e-con-boxed e-con e-parent\" data-id=\"5147e75\" data-element_type=\"container\">\n\t\t\t\t\t<div class=\"e-con-inner\">\n\t\t\t\t<div class=\"elementor-element elementor-element-991ce16 elementor-widget elementor-widget-text-editor\" data-id=\"991ce16\" data-element_type=\"widget\" data-widget_type=\"text-editor.default\">\n\t\t\t\t<div class=\"elementor-widget-container\">\n\t\t\t\t\t\t\t\t\t<p><strong>Cursos de Capacitaci\u00f3n:<\/strong><\/p>\n<p>Ofrecemos una variedad de cursos dise\u00f1ados para todos los niveles, desde principiantes hasta usuarios avanzados. Nuestros cursos est\u00e1n estructurados para proporcionar una comprensi\u00f3n completa del software de contabilidad, desde los conceptos b\u00e1sicos hasta las funciones m\u00e1s avanzadas somos expertos en software contable Helisa .<\/p>\n<p><strong>Soporte T\u00e9cnico:<\/strong><\/p>\n<p>Contamos con un equipo de expertos en software de contabilidad listos para ayudarte con cualquier pregunta o problema que puedas tener. Ya sea que necesites asistencia t\u00e9cnica, resoluci\u00f3n de problemas o consejos sobre c\u00f3mo optimizar tu software, estamos aqu\u00ed para ayudarte.<\/p>\n<p>\u00a0<\/p>\n<p><strong>Recursos de Aprendizaje:<\/strong><\/p>\n<p>Adem\u00e1s de nuestros cursos, ofrecemos una variedad de recursos de aprendizaje, como gu\u00edas, tutoriales y videos instructivos, para ayudarte a aprovechar al m\u00e1ximo tu software de contabilidad.<\/p>\n<p>\u00a0<\/p>\t\t\t\t\t\t\t\t<\/div>\n\t\t\t\t<\/div>\n\t\t\t\t<div class=\"elementor-element elementor-element-f3f9361 elementor-widget elementor-widget-heading\" data-id=\"f3f9361\" data-element_type=\"widget\" data-widget_type=\"heading.default\">\n\t\t\t\t<div class=\"elementor-widget-container\">\n\t\t\t\t\t<h2 class=\"elementor-heading-title elementor-size-default\">Soporte T\u00e9cnico Remoto:\n<\/h2>\t\t\t\t<\/div>\n\t\t\t\t<\/div>\n\t\t\t\t\t<\/div>\n\t\t\t\t<\/div>\n\t\t<div class=\"elementor-element elementor-element-45dcb40 e-flex e-con-boxed e-con e-parent\" data-id=\"45dcb40\" data-element_type=\"container\">\n\t\t\t\t\t<div class=\"e-con-inner\">\n\t\t<div class=\"elementor-element elementor-element-13b619e e-con-full e-flex e-con e-child\" data-id=\"13b619e\" data-element_type=\"container\">\n\t\t\t\t<div class=\"elementor-element elementor-element-4f60ed0 elementor-widget elementor-widget-text-editor\" data-id=\"4f60ed0\" data-element_type=\"widget\" data-widget_type=\"text-editor.default\">\n\t\t\t\t<div class=\"elementor-widget-container\">\n\t\t\t\t\t\t\t\t\t<h4>Nuestro servicio de soporte t\u00e9cnico remoto te permite obtener ayuda instant\u00e1nea para resolver problemas con tu computadora desde la comodidad de tu hogar u oficina.\u00a0<\/h4>\t\t\t\t\t\t\t\t<\/div>\n\t\t\t\t<\/div>\n\t\t\t\t<\/div>\n\t\t<div class=\"elementor-element elementor-element-051662a e-con-full e-flex e-con e-child\" data-id=\"051662a\" data-element_type=\"container\">\n\t\t\t\t<div class=\"elementor-element elementor-element-5312cdd elementor-invisible elementor-widget elementor-widget-image\" data-id=\"5312cdd\" data-element_type=\"widget\" data-settings=\"{&quot;_animation&quot;:&quot;fadeInRight&quot;}\" data-widget_type=\"image.default\">\n\t\t\t\t<div class=\"elementor-widget-container\">\n\t\t\t\t\t\t\t\t\t\t\t\t\t\t\t<img decoding=\"async\" width=\"342\" height=\"302\" src=\"https:\/\/professionalf.com\/wp-content\/uploads\/2025\/08\/Logo.png\" class=\"attachment-large size-large wp-image-457\" alt=\"\" srcset=\"https:\/\/professionalf.com\/wp-content\/uploads\/2025\/08\/Logo.png 342w, https:\/\/professionalf.com\/wp-content\/uploads\/2025\/08\/Logo-300x265.png 300w\" sizes=\"(max-width: 342px) 100vw, 342px\" \/>\t\t\t\t\t\t\t\t\t\t\t\t\t\t\t<\/div>\n\t\t\t\t<\/div>\n\t\t\t\t<\/div>\n\t\t\t\t\t<\/div>\n\t\t\t\t<\/div>\n\t\t<div class=\"elementor-element elementor-element-a155ee8 e-flex e-con-boxed e-con e-parent\" data-id=\"a155ee8\" data-element_type=\"container\">\n\t\t\t\t\t<div class=\"e-con-inner\">\n\t\t\t\t<div class=\"elementor-element elementor-element-cd98e98 elementor-widget elementor-widget-text-editor\" data-id=\"cd98e98\" data-element_type=\"widget\" data-widget_type=\"text-editor.default\">\n\t\t\t\t<div class=\"elementor-widget-container\">\n\t\t\t\t\t\t\t\t\t<h4>Conexi\u00f3n segura y asistencia inmediata garantizada.!<\/h4>\t\t\t\t\t\t\t\t<\/div>\n\t\t\t\t<\/div>\n\t\t\t\t\t<\/div>\n\t\t\t\t<\/div>\n\t\t<div class=\"elementor-element elementor-element-b1f0e5d e-flex e-con-boxed e-con e-parent\" data-id=\"b1f0e5d\" data-element_type=\"container\">\n\t\t\t\t\t<div class=\"e-con-inner\">\n\t\t\t\t<div class=\"elementor-element elementor-element-3b33b23 elementor-invisible elementor-widget elementor-widget-image\" data-id=\"3b33b23\" data-element_type=\"widget\" data-settings=\"{&quot;_animation&quot;:&quot;fadeInUp&quot;}\" data-widget_type=\"image.default\">\n\t\t\t\t<div class=\"elementor-widget-container\">\n\t\t\t\t\t\t\t\t\t\t\t\t\t\t\t<img decoding=\"async\" width=\"1006\" height=\"552\" src=\"https:\/\/professionalf.com\/wp-content\/uploads\/2019\/02\/Professional_Fusion_brand_usage_10_created_by_logaster-2.png\" class=\"attachment-large size-large wp-image-8\" alt=\"\" srcset=\"https:\/\/professionalf.com\/wp-content\/uploads\/2019\/02\/Professional_Fusion_brand_usage_10_created_by_logaster-2.png 1006w, https:\/\/professionalf.com\/wp-content\/uploads\/2019\/02\/Professional_Fusion_brand_usage_10_created_by_logaster-2-600x329.png 600w, https:\/\/professionalf.com\/wp-content\/uploads\/2019\/02\/Professional_Fusion_brand_usage_10_created_by_logaster-2-300x165.png 300w, https:\/\/professionalf.com\/wp-content\/uploads\/2019\/02\/Professional_Fusion_brand_usage_10_created_by_logaster-2-768x421.png 768w\" sizes=\"(max-width: 1006px) 100vw, 1006px\" \/>\t\t\t\t\t\t\t\t\t\t\t\t\t\t\t<\/div>\n\t\t\t\t<\/div>\n\t\t\t\t\t<\/div>\n\t\t\t\t<\/div>\n\t\t<div class=\"elementor-element elementor-element-eda5e90 e-flex e-con-boxed e-con e-parent\" data-id=\"eda5e90\" data-element_type=\"container\">\n\t\t\t\t\t<div class=\"e-con-inner\">\n\t\t\t\t<div class=\"elementor-element elementor-element-d76025d elementor-widget elementor-widget-heading\" data-id=\"d76025d\" data-element_type=\"widget\" data-widget_type=\"heading.default\">\n\t\t\t\t<div class=\"elementor-widget-container\">\n\t\t\t\t\t<h2 class=\"elementor-heading-title elementor-size-default\">Dise\u00f1o de P\u00e1ginas web<\/h2>\t\t\t\t<\/div>\n\t\t\t\t<\/div>\n\t\t\t\t\t<\/div>\n\t\t\t\t<\/div>\n\t\t<div class=\"elementor-element elementor-element-e673e04 e-flex e-con-boxed e-con e-parent\" data-id=\"e673e04\" data-element_type=\"container\">\n\t\t\t\t\t<div class=\"e-con-inner\">\n\t\t<div class=\"elementor-element elementor-element-0dff8dc e-con-full e-flex e-con e-child\" data-id=\"0dff8dc\" data-element_type=\"container\">\n\t\t\t\t<div class=\"elementor-element elementor-element-8a90226 elementor-widget elementor-widget-text-editor\" data-id=\"8a90226\" data-element_type=\"widget\" data-widget_type=\"text-editor.default\">\n\t\t\t\t<div class=\"elementor-widget-container\">\n\t\t\t\t\t\t\t\t\t<ul>\n<li>Nuestro equipo de dise\u00f1adores y desarrolladores web est\u00e1 listo para convertir tu visi\u00f3n en una realidad digital. Ya sea que necesites una p\u00e1gina web informativa, una tienda en l\u00ednea o un sitio web corporativo, trabajaremos contigo para crear una presencia en l\u00ednea atractiva y funcional que destaque entre la multitud.<\/li>\n<\/ul>\t\t\t\t\t\t\t\t<\/div>\n\t\t\t\t<\/div>\n\t\t\t\t<\/div>\n\t\t\t\t<div class=\"elementor-element elementor-element-47139c8 elementor-invisible elementor-widget elementor-widget-image\" data-id=\"47139c8\" data-element_type=\"widget\" data-settings=\"{&quot;_animation&quot;:&quot;fadeInLeft&quot;}\" data-widget_type=\"image.default\">\n\t\t\t\t<div class=\"elementor-widget-container\">\n\t\t\t\t\t\t\t\t\t\t\t\t\t\t\t<img loading=\"lazy\" decoding=\"async\" width=\"1024\" height=\"629\" src=\"https:\/\/professionalf.com\/wp-content\/uploads\/2020\/09\/Web-desing-1-1024x629.jpg\" class=\"attachment-large size-large wp-image-277\" alt=\"\" srcset=\"https:\/\/professionalf.com\/wp-content\/uploads\/2020\/09\/Web-desing-1-1024x629.jpg 1024w, https:\/\/professionalf.com\/wp-content\/uploads\/2020\/09\/Web-desing-1-600x368.jpg 600w, https:\/\/professionalf.com\/wp-content\/uploads\/2020\/09\/Web-desing-1-300x184.jpg 300w, https:\/\/professionalf.com\/wp-content\/uploads\/2020\/09\/Web-desing-1-768x472.jpg 768w, https:\/\/professionalf.com\/wp-content\/uploads\/2020\/09\/Web-desing-1.jpg 1140w\" sizes=\"(max-width: 1024px) 100vw, 1024px\" \/>\t\t\t\t\t\t\t\t\t\t\t\t\t\t\t<\/div>\n\t\t\t\t<\/div>\n\t\t\t\t\t<\/div>\n\t\t\t\t<\/div>\n\t\t\t\t<\/div>\n\t\t","protected":false},"excerpt":{"rendered":"<p>Professional Fusion NUESTROS SERVICIOS Capacitaci\u00f3n y soporte en software de contabilidad Cursos de Capacitaci\u00f3n: Ofrecemos una variedad de cursos dise\u00f1ados para todos los niveles, desde principiantes hasta usuarios avanzados. Nuestros cursos est\u00e1n estructurados para proporcionar una comprensi\u00f3n completa del software de contabilidad, desde los conceptos b\u00e1sicos hasta las funciones m\u00e1s avanzadas somos expertos en software&nbsp;&hellip;<\/p>\n","protected":false},"author":1,"featured_media":0,"parent":0,"menu_order":0,"comment_status":"closed","ping_status":"closed","template":"","meta":{"_joinchat":[],"footnotes":""},"class_list":["post-101","page","type-page","status-publish","hentry"],"_links":{"self":[{"href":"https:\/\/professionalf.com\/index.php\/wp-json\/wp\/v2\/pages\/101","targetHints":{"allow":["GET"]}}],"collection":[{"href":"https:\/\/professionalf.com\/index.php\/wp-json\/wp\/v2\/pages"}],"about":[{"href":"https:\/\/professionalf.com\/index.php\/wp-json\/wp\/v2\/types\/page"}],"author":[{"embeddable":true,"href":"https:\/\/professionalf.com\/index.php\/wp-json\/wp\/v2\/users\/1"}],"replies":[{"embeddable":true,"href":"https:\/\/professionalf.com\/index.php\/wp-json\/wp\/v2\/comments?post=101"}],"version-history":[{"count":68,"href":"https:\/\/professionalf.com\/index.php\/wp-json\/wp\/v2\/pages\/101\/revisions"}],"predecessor-version":[{"id":516,"href":"https:\/\/professionalf.com\/index.php\/wp-json\/wp\/v2\/pages\/101\/revisions\/516"}],"wp:attachment":[{"href":"https:\/\/professionalf.com\/index.php\/wp-json\/wp\/v2\/media?parent=101"}],"curies":[{"name":"wp","href":"https:\/\/api.w.org\/{rel}","templated":true}]}}