{"id":134,"date":"2019-03-16T21:35:52","date_gmt":"2019-03-16T21:35:52","guid":{"rendered":"https:\/\/professionalf.com\/?page_id=134"},"modified":"2019-03-17T02:05:27","modified_gmt":"2019-03-17T02:05:27","slug":"soporte-helisa","status":"publish","type":"page","link":"https:\/\/professionalf.com\/index.php\/soporte-helisa\/","title":{"rendered":"Soporte Helisa"},"content":{"rendered":"\n<h2 class=\"wp-block-heading\">Professional Fusion<\/h2>\n\n\n\n<figure class=\"wp-block-image\"><img fetchpriority=\"high\" decoding=\"async\" width=\"1024\" height=\"576\" src=\"https:\/\/professionalf.com\/wp-content\/uploads\/2019\/03\/Helisa-1024x576.png\" alt=\"\" class=\"wp-image-167\" srcset=\"https:\/\/professionalf.com\/wp-content\/uploads\/2019\/03\/Helisa-1024x576.png 1024w, https:\/\/professionalf.com\/wp-content\/uploads\/2019\/03\/Helisa-600x338.png 600w, https:\/\/professionalf.com\/wp-content\/uploads\/2019\/03\/Helisa-300x169.png 300w, https:\/\/professionalf.com\/wp-content\/uploads\/2019\/03\/Helisa-768x432.png 768w, https:\/\/professionalf.com\/wp-content\/uploads\/2019\/03\/Helisa-1232x693.png 1232w, https:\/\/professionalf.com\/wp-content\/uploads\/2019\/03\/Helisa.png 1920w\" sizes=\"(max-width: 1024px) 100vw, 1024px\" \/><\/figure>\n\n\n\n<p>Soporte T\u00e9cnico Helisa Niif, Helisa Facturaci\u00f3n electr\u00f3nica, Helisa N\u00f3mina, Inventarios, Importaciones, Presupuestos, Lotes y Seriales, DOS.<\/p>\n\n\n\n<p>Soporte Helisa T\u00e9cnico remoto sin contrato<\/p>\n\n\n\n<p>Helisa Telefono Soporte t\u00e9cnico.<\/p>\n","protected":false},"excerpt":{"rendered":"<p>Professional Fusion Soporte T\u00e9cnico Helisa Niif, Helisa Facturaci\u00f3n electr\u00f3nica, Helisa N\u00f3mina, Inventarios, Importaciones, Presupuestos, Lotes y Seriales, DOS. Soporte Helisa T\u00e9cnico remoto sin contrato Helisa Telefono Soporte t\u00e9cnico.<\/p>\n","protected":false},"author":1,"featured_media":0,"parent":0,"menu_order":0,"comment_status":"closed","ping_status":"closed","template":"","meta":{"_joinchat":[],"footnotes":""},"class_list":["post-134","page","type-page","status-publish","hentry"],"_links":{"self":[{"href":"https:\/\/professionalf.com\/index.php\/wp-json\/wp\/v2\/pages\/134","targetHints":{"allow":["GET"]}}],"collection":[{"href":"https:\/\/professionalf.com\/index.php\/wp-json\/wp\/v2\/pages"}],"about":[{"href":"https:\/\/professionalf.com\/index.php\/wp-json\/wp\/v2\/types\/page"}],"author":[{"embeddable":true,"href":"https:\/\/professionalf.com\/index.php\/wp-json\/wp\/v2\/users\/1"}],"replies":[{"embeddable":true,"href":"https:\/\/professionalf.com\/index.php\/wp-json\/wp\/v2\/comments?post=134"}],"version-history":[{"count":5,"href":"https:\/\/professionalf.com\/index.php\/wp-json\/wp\/v2\/pages\/134\/revisions"}],"predecessor-version":[{"id":191,"href":"https:\/\/professionalf.com\/index.php\/wp-json\/wp\/v2\/pages\/134\/revisions\/191"}],"wp:attachment":[{"href":"https:\/\/professionalf.com\/index.php\/wp-json\/wp\/v2\/media?parent=134"}],"curies":[{"name":"wp","href":"https:\/\/api.w.org\/{rel}","templated":true}]}}