{"id":219,"date":"2019-11-08T14:07:15","date_gmt":"2019-11-08T14:07:15","guid":{"rendered":"https:\/\/professionalf.com\/index.php\/materialis\/"},"modified":"2026-04-26T01:45:57","modified_gmt":"2026-04-26T01:45:57","slug":"materialis","status":"publish","type":"page","link":"https:\/\/professionalf.com\/","title":{"rendered":"Front Page"},"content":{"rendered":"<!-- wp:extendstudio\/materialis--><div  data-label=\"Overlappable\" data-id=\"overlappable--2\" data-export-id=\"overlappable-4\" data-category=\"overlappable\" class=\"overlappable-4 content-section content-section-spacing-large\" data-overlap=\"true\" id=\"overlappable-10\" style=\"background-color: rgb(255, 255, 255);\"><div  class=\"gridContainer\"> <div  data-type=\"row\" class=\"row spaced-cols text-center\"><div  class=\"col-xs-12 col-sm-4 \"> <i  class=\"mdi icon aligncenter color1 mdi-apple reverse round large\"><\/i> <div  data-type=\"column\" class=\"\"> <h5  class=\"\">Soporte Sistemas<\/h5> <p  class=\"\">&nbsp;Windows\n<br >Linux\n<br >Mac<\/p><\/div> <\/div> <div  class=\"col-xs-12 col-sm-4 \"> <i  class=\"mdi icon aligncenter color1 mdi-cloud-print-outline reverse round large\"><\/i> <div  data-type=\"column\" class=\"\"><h5  class=\"\">SOR \u2013 Software Contable<\/h5> <p  class=\"\">Contabilidad \u2013 Facturaci\u00f3n Electr\u00f3nica \u2013 Compras \u2013 Inventarios \u2013 N\u00f3mina<\/p><a  class=\"button blue mdc-ripple-upgraded\" href=\"https:\/\/demo.professionalf.com\" target=\"_self\" data-cp-link=\"1\">SOR<\/a><\/div> <\/div> <div  class=\"col-xs-12 col-sm-4 \"> <i  class=\"mdi icon mdi-auto-fix large round aligncenter reverse color1\"><\/i> <div  data-type=\"column\" class=\"\"><h5  class=\"\">Dise\u00f1o Web&nbsp;<\/h5> <p  class=\"\">Paginas Web Empresas\n<br >Desarrollo de Software<\/p><\/div> <\/div><\/div> <\/div><\/div><!-- \/wp:extendstudio\/materialis--><!-- \/wp:extendstudio\/materialis--><div  data-label=\"sor\" data-id=\"content--1\" data-export-id=\"content-5-materialis\" data-category=\"content\" class=\"content-5m content-section-spacing-large content-section\" id=\"sor\" style=\"background-color: rgb(245, 250, 253);\"><div  class=\"gridContainer\"> <div  class=\"row\"><div  class=\"col-xs-12 col-sm-8 col-sm-offset-2 space-bottom text-center col-padding-small-xs\" data-type=\"column\"> <img  decoding=\"async\" class=\"mdc-elevation--z13 rounded\" src=\"https:\/\/professionalf.com\/wp-content\/uploads\/2025\/08\/cropped-Sor_home.png\"><\/div> <div  class=\"col-xs-12 text-center large\" data-type=\"column\"><h2  class=\"space-bottom\">Software contable en Linea<\/h2> <p  class=\"lead\">Contabilidad \u2013 Facturaci\u00f3n Electr\u00f3nica \u2013 Compras \u2013 Inventarios \u2013 N\u00f3mina&nbsp;<\/p> <a  class=\"button color1 big mdc-elevation--z3 mdc-ripple-upgraded\" href=\"https:\/\/demo.professionalf.com\" target=\"_self\" data-cp-link=\"1\">Solicita Demo<\/a><\/div> <\/div><\/div> <\/div><!-- wp:extendstudio\/materialis--><div  id=\"about-6\" style=\"background-color: #f5fafd;\" data-label=\"About\" data-id=\"about-4\" data-export-id=\"about-4\" data-category=\"about\" class=\"about-4 content-section content-section-spacing-large\"><div  class=\"gridContainer\"> <div  class=\"row middle-sm text-center\"><div  class=\"col-sm-5 space-bottom-xs\" data-type=\"column\"> <h5  class=\"\">Y qu\u00e9 es<\/h5> <h2  class=\"\">La factura electr\u00f3nica&nbsp;<br > <span  style=\"font-family: Playfair Display,sans-serif; font-weight: 700; font-style: italic;\" href=\"#\">Con validaci\u00f3n previa\n<\/span> ?<\/h2> <p  class=\"\">La DIAN en materia de facturaci\u00f3n electr\u00f3nica hace referencia a la implementaci\u00f3n del nuevo modelo de facturaci\u00f3n con validaci\u00f3n previa, basado en la validaci\u00f3n de la expedici\u00f3n de las facturas y que funciona bajo el protocolo UBL 2.1.<br ><br >Gracias a este nuevo modelo de validaci\u00f3n previa, la DIAN podr\u00e1 validar las facturas antes de que el proveedor las env\u00ede al cliente, lo que representar\u00e1 una mejora y significar\u00e1 un trabajo r\u00e1pido en tiempo real. Recordemos que anteriormente este proceso representaba un retraso en las operaciones y llegaba incluso a ser una complicaci\u00f3n, debido a que la DIAN se encargaba de validar las facturas dentro de las 24 horas posteriores.<\/p> <a  class=\"button big color1 mdc-ripple-upgraded\" href=\"#contact-1\" style=\"--mdc-ripple-fg-size: 100.716px; --mdc-ripple-fg-scale: 1.85007;\" target=\"_self\" data-cp-link=\"1\" rel=\"noopener noreferrer\">Inicia ahora<\/a><\/div> <div  class=\"col-sm-7 flexbox center-xs middle-xs image-group-2-img padding-top-bottom\"> <img  decoding=\"async\" class=\"img-1 rounded mdc-elevation--z10\" data-size=\"250x200\" src=\"https:\/\/professionalf.com\/wp-content\/uploads\/2020\/09\/cropped-Demo-Crear-2.png\"> <img  decoding=\"async\" class=\"img-2 rounded mdc-elevation--z10\" data-size=\"220x170\" src=\"https:\/\/professionalf.com\/wp-content\/uploads\/2020\/09\/cropped-LISTAS-PF-1.png\"><\/div> <\/div><\/div> <\/div><!-- \/wp:extendstudio\/materialis--><!-- wp:extendstudio\/materialis--><div  data-label=\"Overlappable\" data-id=\"overlappable--1\" data-export-id=\"overlappable-14-materialis\" data-category=\"overlappable\" class=\"overlappable-14-materialis content-section content-section-spacing-large\" data-overlap=\"true\" id=\"overlappable-9\" style=\"background-color: rgb(255, 255, 255);\"><div  class=\"gridContainer\"> <div  data-type=\"row\" class=\"row spaced-cols\"><div  class=\"col-xs-12 col-sm-4 content-on-center\"> <div  class=\"card no-radius mdc-elevation--z3 bg-color4\" data-type=\"column\"><h2  class=\"color-white no-margin-bottom font-400\" data-fixed=\"true\">FACTURA<\/h2> <h6  class=\"color-white\">ON LINE<\/h6><img  decoding=\"async\" class=\"custom-image\" src=\"https:\/\/professionalf.com\/wp-content\/uploads\/2020\/09\/cropped-Demo-Crear-1-1.png\"><\/div> <\/div> <div  class=\"col-xs-12 col-sm-4 content-on-center\"> <div  class=\"card no-radius mdc-elevation--z3 bg-color3\" data-type=\"column\"> <h2  class=\"color-white no-margin-bottom font-400\" data-fixed=\"true\">INTEFASE<\/h2> <h6  class=\"color-white\">XML<\/h6><img  decoding=\"async\" class=\"custom-image\" src=\"https:\/\/professionalf.com\/wp-content\/uploads\/2020\/09\/cropped-Cargar-XML-1.png\"><\/div> <\/div> <div  class=\"col-xs-12 col-sm-4 content-on-center\"> <div  class=\"card no-radius mdc-elevation--z3 bg-color5\" data-type=\"column\"> <h2  class=\"color-white no-margin-bottom font-400\" data-fixed=\"true\">LISTA DE<\/h2> <h6  class=\"color-white\">DOCUMENTOS<\/h6><img  decoding=\"async\" class=\"custom-image\" src=\"https:\/\/professionalf.com\/wp-content\/uploads\/2020\/09\/cropped-LISTAS-PF.png\"><\/div> <\/div><\/div> <\/div><\/div><!-- \/wp:extendstudio\/materialis--><!-- wp:extendstudio\/materialis--><div  data-label=\"About\" data-id=\"about--1\" data-export-id=\"about-1\" data-category=\"about\" class=\"about-1 content-section content-section-spacing-large\" id=\"about-7\" style=\"background-color: rgb(245, 250, 253);\"><div  class=\"gridContainer\"> <div  class=\"row col-xs-12\"><div  class=\"section-title-col\" data-type=\"column\"> <h5  class=\"\">NUESTRO SOFTWARE<\/h5>  <p  class=\"lead\">FACTURACION ELECTR\u00d3NICA DIAN<\/p><p  class=\"\">Certificado Digital Incluido por tiempo limitado<\/p><\/div> <\/div> <div  class=\"row col-xs-12\"> <div  class=\"button-holder space-bottom space-bottom-small\" data-type=\"column\"> <a  class=\"button big color1 font-500 mdc-ripple-upgraded\" href=\"https:\/\/sordemo.professionalf.com\" target=\"_self\" data-cp-link=\"1\" rel=\"noopener noreferrer\">Solicita un demo<\/a><img  decoding=\"async\" class=\"custom-image\" src=\"https:\/\/professionalf.com\/wp-content\/uploads\/2019\/11\/cropped-Factura-electronica-2.png\"><\/div> <div  class=\"col-xs bottom-xs flexbox image-group-bottom-3-img center-xs\"> <img  decoding=\"async\" class=\"left-img mdc-elevation--z10 rounded-topleft-topright\" data-size=\"400x275\" src=\"https:\/\/professionalf.com\/wp-content\/uploads\/2020\/09\/cropped-Demo-Crear-1-4.png\"> <img  decoding=\"async\" class=\"center-img mdc-elevation--z10 rounded-topleft-topright\" data-size=\"500x325\" src=\"https:\/\/professionalf.com\/wp-content\/uploads\/2020\/09\/cropped-Demo-Crear-1-3.png\"> <img  decoding=\"async\" class=\"right-img mdc-elevation--z10 rounded-topleft-topright\" data-size=\"400x275\" src=\"https:\/\/professionalf.com\/wp-content\/uploads\/2020\/09\/cropped-LISTAS-PF-1-3.png\"><\/div> <\/div><\/div> <\/div><!-- \/wp:extendstudio\/materialis--><!--Start of Tawk.to Script (0.3.3)--><!-- wp:extendstudio\/materialis--><div  id=\"content-24\" style=\"background-color: #f5fafd;\" data-label=\"Content\" data-id=\"content-7-materialis\" data-export-id=\"content-7-materialis\" data-category=\"content\" class=\"content-7m content-section-spacing-large content-section\"><div  class=\"gridContainer\"> <div  class=\"row middle-sm\"><div  class=\"col-md-6 col-xs-12 col-sm-6 col-padding-small-xs\"> <img  decoding=\"async\" class=\"mdc-elevation--z13 img-rounded\" src=\"https:\/\/professionalf.com\/wp-content\/uploads\/2020\/09\/cropped-Demo-Crear-1-5.png\"><\/div> <div  class=\"col-md-5 col-md-offset-1 col-xs-12 col-sm-6 content-left-sm col-padding-small-xs\" data-type=\"column\"><h6  class=\"upper\">Desde $0 por factura<\/h6> <h3  class=\"space-bottom\">F\u00e1cil y R\u00e1pido<\/h3> <p  class=\"space-top\">El nuevo formato XML ser\u00e1 UBL 2.1<br >Ser\u00e1 la DIAN el \u00fanico ente autorizado para el proceso de recepci\u00f3n validaci\u00f3n y autorizaci\u00f3n de facturas, notas cr\u00e9dito y d\u00e9bito.<br >Las facturas electr\u00f3nicas deben incluir los folios de numeraci\u00f3n consecutiva, el CUFE y la firma digital.<br >Las representaciones en PDF de las facturas electr\u00f3nicas deben incluir sus correspondientes c\u00f3digos QR<br >Los emisores de facturas electr\u00f3nicas deben recibir un acuse de recibo.<br >Los documentos se deben almacenar durante 5 a\u00f1os.<\/p> <\/div> <\/div><\/div> <\/div><!-- \/wp:extendstudio\/materialis--><!-- wp:extendstudio\/materialis--><div  id=\"features-2\" style=\"background-color: #ffffff;\" data-label=\"Features\" data-id=\"features-10-materialis\" data-export-id=\"features-10-materialis\" data-category=\"features\" class=\"features-10m content-section-spacing-large content-section\"><div  class=\"gridContainer\"> <div  class=\"row\"><div  class=\"section-title-col\" data-type=\"column\"> <h2  class=\"\">Multi Usuario&nbsp;<\/h2> <p  class=\"\">FACTURA DESDE TU CELULAR \u2013 TABLET \u2013 PC<\/p><a  class=\"button blue mdc-ripple-upgraded\" href=\"#contact-1\" target=\"_self\" data-cp-link=\"1\" rel=\"noopener noreferrer\">Integramos con m\u00faltiples Bases de datos<\/a><\/div> <\/div> <div  class=\"row \"> <div  class=\"col-xs-12 col-md-10 col-md-offset-1\"> <div  class=\"row space-top spaced-cols content-center-sm\" data-type=\"row\" data-max-items=\"4\"> <div  class=\"col-xs-10 col-md-4 col-sm-6 col-sm-offset-0 col-xs-offset-1\"> <div  class=\"card no-radius mdc-elevation--z1 y-move bg-color-white padding-24 bordered\" data-type=\"column\"> <i  class=\"mdi icon mdi-database big round reverse color1\"><\/i> <h6  class=\"\">Sql<\/h6><\/div> <\/div> <div  class=\"col-xs-10 col-md-4 col-sm-6 col-sm-offset-0 col-xs-offset-1\"> <div  class=\"card no-radius mdc-elevation--z1 y-move bg-color-white padding-24 bordered\" data-type=\"column\"> <i  class=\"mdi icon mdi-database big round reverse color1\"><\/i> <h6  class=\"\">Firebird<\/h6><\/div> <\/div> <div  class=\"col-xs-10 col-md-4 col-sm-6 col-sm-offset-0 col-xs-offset-1\"> <div  class=\"card no-radius mdc-elevation--z1 y-move bg-color-white padding-24 bordered\" data-type=\"column\"> <i  class=\"mdi icon mdi-database big round reverse color1\"><\/i> <h6  class=\"\">Oracle<\/h6><\/div> <\/div>   <\/div> <\/div><\/div> <\/div><\/div><!-- \/wp:extendstudio\/materialis--><!-- wp:extendstudio\/materialis--><div  id=\"cta-1\" style=\"background-color: #f5fafd;\" data-label=\"Cta\" data-id=\"cta-1-materialis\" data-export-id=\"cta-1-materialis\" data-category=\"cta\" class=\"content-relative content-section content-section-spacing-large cta-1-materialis section-title-col-white-text\" data-section-ov=\"1\" data-parallax-depth=\"20\"><div  class=\"gridContainer\"> <div  class=\"row text-center col-sm-padding-medium\"><div  class=\"col-md-6 col-md-offset-3 col-xs-10 col-xs-offset-1 card mdc-elevation--z3 box-padding-lr-small\"> <div  data-type=\"column\" class=\"\">  <img  decoding=\"async\" class=\"custom-image\" src=\"https:\/\/professionalf.com\/wp-content\/uploads\/2025\/08\/cropped-Logowhite-1.png\"><a  class=\"button big color1 mdc-elevation--z1 mdc-ripple-upgraded\" href=\"https:\/\/professionalf.com\/index.php\/servicios\" target=\"_self\" data-cp-link=\"1\" rel=\"noopener noreferrer\">Otros servicos<\/a><\/div> <\/div><\/div> <\/div><\/div><!-- \/wp:extendstudio\/materialis--><!-- wp:extendstudio\/materialis--><div  id=\"contact-1\" data-label=\"Contact\" data-id=\"contact-1\" data-export-id=\"contact-1\" data-category=\"contact\" class=\"contact-1 content-section content-section-spacing-large content-relative white-text\" data-parallax-depth=\"20\"><div  class=\"gridContainer\"> <div  class=\"row text-center\"><div  class=\"section-title-col\" data-type=\"column\"> <h2  class=\"\">Cont\u00e1ctanos<\/h2> <p  class=\"lead\">Si deseas obtener m\u00e1s informacion estamos en linea para atender tus inquietudes o escribenos a soporte@professionalf.com<\/p><\/div> <\/div> <div  class=\"row text-center\"> <div  class=\"col-xs-12 col-sm-8 col-sm-offset-2 contact-form-wrapper inline-info\"> <div  class=\"card mdc-elevation--z3 col-padding-top\"> <div  class=\"dark-text\" data-content-shortcode=\"materialis_contact_form shortcode=&quot;contact-form-7 id=&amp;amp;quot;262&amp;amp;quot; title=&amp;amp;quot;Formulario de contacto 1&amp;amp;quot;&quot;\" data-editable=\"true\">\n<div class=\"wpcf7 no-js\" id=\"wpcf7-f262-o1\" lang=\"es-CO\" dir=\"ltr\" data-wpcf7-id=\"262\">\n<div class=\"screen-reader-response\"><p role=\"status\" aria-live=\"polite\" aria-atomic=\"true\"><\/p> <ul><\/ul><\/div>\n<form action=\"\/index.php\/wp-json\/wp\/v2\/pages\/219#wpcf7-f262-o1\" method=\"post\" class=\"wpcf7-form init\" aria-label=\"Formulario de contacto\" novalidate=\"novalidate\" data-status=\"init\">\n<fieldset class=\"hidden-fields-container\"><input type=\"hidden\" name=\"_wpcf7\" value=\"262\" \/><input type=\"hidden\" name=\"_wpcf7_version\" value=\"6.1.3\" \/><input type=\"hidden\" name=\"_wpcf7_locale\" value=\"es_CO\" \/><input type=\"hidden\" name=\"_wpcf7_unit_tag\" value=\"wpcf7-f262-o1\" \/><input type=\"hidden\" name=\"_wpcf7_container_post\" value=\"0\" \/><input type=\"hidden\" name=\"_wpcf7_posted_data_hash\" value=\"\" \/>\n<\/fieldset>\n<p><label> Nombre (obligatorio)<br \/>\n<span class=\"wpcf7-form-control-wrap\" data-name=\"your-name\"><input size=\"40\" maxlength=\"400\" class=\"wpcf7-form-control wpcf7-text wpcf7-validates-as-required\" aria-required=\"true\" aria-invalid=\"false\" value=\"\" type=\"text\" name=\"your-name\" \/><\/span> <\/label>\n<\/p>\n<p><label> Correo electr\u00f3nico (obligatorio)<br \/>\n<span class=\"wpcf7-form-control-wrap\" data-name=\"your-email\"><input size=\"40\" maxlength=\"400\" class=\"wpcf7-form-control wpcf7-email wpcf7-validates-as-required wpcf7-text wpcf7-validates-as-email\" aria-required=\"true\" aria-invalid=\"false\" value=\"\" type=\"email\" name=\"your-email\" \/><\/span> <\/label>\n<\/p>\n<p><label> Asunto<br \/>\n<span class=\"wpcf7-form-control-wrap\" data-name=\"your-subject\"><input size=\"40\" maxlength=\"400\" class=\"wpcf7-form-control wpcf7-text\" aria-invalid=\"false\" value=\"\" type=\"text\" name=\"your-subject\" \/><\/span> <\/label>\n<\/p>\n<p><label> Mensaje<br \/>\n<span class=\"wpcf7-form-control-wrap\" data-name=\"your-message\"><textarea cols=\"40\" rows=\"10\" maxlength=\"2000\" class=\"wpcf7-form-control wpcf7-textarea\" aria-invalid=\"false\" name=\"your-message\"><\/textarea><\/span> <\/label>\n<\/p>\n<p><input class=\"wpcf7-form-control wpcf7-submit has-spinner\" type=\"submit\" value=\"Enviar\" \/>\n<\/p><div class=\"wpcf7-response-output\" aria-hidden=\"true\"><\/div>\n<\/form>\n<\/div>\n<\/div><\/div> <\/div><\/div> <\/div><\/div>","protected":false},"excerpt":{"rendered":"<p>Soporte Sistemas &nbsp;Windows Linux Mac SOR \u2013 Software Contable Contabilidad \u2013 Facturaci\u00f3n Electr\u00f3nica \u2013 Compras \u2013 Inventarios \u2013 N\u00f3minaSOR Dise\u00f1o Web&nbsp; Paginas Web Empresas Desarrollo de Software Y qu\u00e9 es La factura electr\u00f3nica&nbsp; Con validaci\u00f3n previa ? La DIAN en materia de facturaci\u00f3n electr\u00f3nica hace referencia a la implementaci\u00f3n del nuevo modelo de facturaci\u00f3n con&nbsp;&hellip;<\/p>\n","protected":false},"author":1,"featured_media":0,"parent":0,"menu_order":0,"comment_status":"closed","ping_status":"closed","template":"page-templates\/homepage.php","meta":{"_joinchat":[],"footnotes":""},"class_list":["post-219","page","type-page","status-publish","hentry"],"_links":{"self":[{"href":"https:\/\/professionalf.com\/index.php\/wp-json\/wp\/v2\/pages\/219","targetHints":{"allow":["GET"]}}],"collection":[{"href":"https:\/\/professionalf.com\/index.php\/wp-json\/wp\/v2\/pages"}],"about":[{"href":"https:\/\/professionalf.com\/index.php\/wp-json\/wp\/v2\/types\/page"}],"author":[{"embeddable":true,"href":"https:\/\/professionalf.com\/index.php\/wp-json\/wp\/v2\/users\/1"}],"replies":[{"embeddable":true,"href":"https:\/\/professionalf.com\/index.php\/wp-json\/wp\/v2\/comments?post=219"}],"version-history":[{"count":40,"href":"https:\/\/professionalf.com\/index.php\/wp-json\/wp\/v2\/pages\/219\/revisions"}],"predecessor-version":[{"id":530,"href":"https:\/\/professionalf.com\/index.php\/wp-json\/wp\/v2\/pages\/219\/revisions\/530"}],"wp:attachment":[{"href":"https:\/\/professionalf.com\/index.php\/wp-json\/wp\/v2\/media?parent=219"}],"curies":[{"name":"wp","href":"https:\/\/api.w.org\/{rel}","templated":true}]}}